{"id":4,"date":"2020-09-11T11:54:36","date_gmt":"2020-09-11T14:54:36","guid":{"rendered":"http:\/\/www.baffasoft.com.br\/site\/?page_id=4"},"modified":"2022-10-10T22:49:23","modified_gmt":"2022-10-11T01:49:23","slug":"pagina-principal","status":"publish","type":"page","link":"http:\/\/www.baffasoft.com.br\/site\/","title":{"rendered":"Bem Vindo a Baffasoft"},"content":{"rendered":"\n<p>Aqui s\u00e3o listados alguns experimentos e solu\u00e7\u00f5es resultantes de pesquisas cient\u00edficas conduzidas por Augusto Baffa. Seguem algumas op\u00e7\u00f5es:<\/p>\n\n\n<div id=\"pl-gb4-69ea0c86ce1d6\"  class=\"panel-layout\" ><div id=\"pg-gb4-69ea0c86ce1d6-0\"  class=\"panel-grid panel-no-style\" ><div id=\"pgc-gb4-69ea0c86ce1d6-0-0\"  class=\"panel-grid-cell\" ><div id=\"panel-gb4-69ea0c86ce1d6-0-0-0\" class=\"so-panel widget widget_sow-button panel-first-child panel-last-child\" data-index=\"0\" ><div\n\t\t\t\n\t\t\tclass=\"so-widget-sow-button so-widget-sow-button-atom-36e22cfc6189-4\"\n\t\t\t\n\t\t><div class=\"ow-button-base ow-button-align-center\"\n>\n\t\t\t<a\n\t\t\t\t\thref=\"http:\/\/estacao.baffasoft.com.br\"\n\t\t\t\t\tclass=\"sowb-button ow-icon-placement-left ow-button-hover\" \t>\n\t\t<span>\n\t\t\t<span class=\"sow-icon-typicons\" data-sow-icon=\"&#xe13b;\"\n\t\tstyle=\"\" \n\t\taria-hidden=\"true\"><\/span>\n\t\t\tTempo\t\t<\/span>\n\t\t\t<\/a>\n\t<\/div>\n<\/div><\/div><\/div><div id=\"pgc-gb4-69ea0c86ce1d6-0-1\"  class=\"panel-grid-cell\" ><div id=\"panel-gb4-69ea0c86ce1d6-0-1-0\" class=\"so-panel widget widget_sow-button panel-first-child panel-last-child\" data-index=\"1\" ><div\n\t\t\t\n\t\t\tclass=\"so-widget-sow-button so-widget-sow-button-atom-36e22cfc6189-4\"\n\t\t\t\n\t\t><div class=\"ow-button-base ow-button-align-center\"\n>\n\t\t\t<a\n\t\t\t\t\thref=\"http:\/\/financas.baffasoft.com.br\"\n\t\t\t\t\tclass=\"sowb-button ow-icon-placement-left ow-button-hover\" \t>\n\t\t<span>\n\t\t\t<span class=\"sow-icon-fontawesome sow-far\" data-sow-icon=\"&#xf3d1;\"\n\t\tstyle=\"\" \n\t\taria-hidden=\"true\"><\/span>\n\t\t\tFinan\u00e7as\t\t<\/span>\n\t\t\t<\/a>\n\t<\/div>\n<\/div><\/div><\/div><\/div><div id=\"pg-gb4-69ea0c86ce1d6-1\"  class=\"panel-grid panel-no-style\" ><div id=\"pgc-gb4-69ea0c86ce1d6-1-0\"  class=\"panel-grid-cell\" ><div id=\"panel-gb4-69ea0c86ce1d6-1-0-0\" class=\"so-panel widget widget_sow-button panel-first-child panel-last-child\" data-index=\"2\" ><div\n\t\t\t\n\t\t\tclass=\"so-widget-sow-button so-widget-sow-button-atom-857739567c6a-4\"\n\t\t\t\n\t\t><div class=\"ow-button-base ow-button-align-center\"\n>\n\t\t\t<a\n\t\t\t\t\thref=\"http:\/\/woofy.baffasoft.com.br\"\n\t\t\t\t\tclass=\"sowb-button ow-icon-placement-left ow-button-hover\" \t>\n\t\t<span>\n\t\t\t<span class=\"sow-icon-fontawesome sow-far\" data-sow-icon=\"&#xf4ad;\"\n\t\tstyle=\"\" \n\t\taria-hidden=\"true\"><\/span>\n\t\t\tWoofy Chatbot\t\t<\/span>\n\t\t\t<\/a>\n\t<\/div>\n<\/div><\/div><\/div><div id=\"pgc-gb4-69ea0c86ce1d6-1-1\"  class=\"panel-grid-cell\" ><div id=\"panel-gb4-69ea0c86ce1d6-1-1-0\" class=\"so-panel widget widget_sow-button panel-first-child panel-last-child\" data-index=\"3\" ><div\n\t\t\t\n\t\t\tclass=\"so-widget-sow-button so-widget-sow-button-atom-857739567c6a-4\"\n\t\t\t\n\t\t><div class=\"ow-button-base ow-button-align-center\"\n>\n\t\t\t<a\n\t\t\t\t\thref=\"http:\/\/covid19.baffasoft.com.br\"\n\t\t\t\t\tclass=\"sowb-button ow-icon-placement-left ow-button-hover\" \t>\n\t\t<span>\n\t\t\t<span class=\"sow-icon-ionicons\" data-sow-icon=\"&#xf359;\"\n\t\tstyle=\"\" \n\t\taria-hidden=\"true\"><\/span>\n\t\t\tCOVID 19\t\t<\/span>\n\t\t\t<\/a>\n\t<\/div>\n<\/div><\/div><\/div><\/div><div id=\"pg-gb4-69ea0c86ce1d6-2\"  class=\"panel-grid panel-no-style\" ><div id=\"pgc-gb4-69ea0c86ce1d6-2-0\"  class=\"panel-grid-cell\" ><div id=\"panel-gb4-69ea0c86ce1d6-2-0-0\" class=\"so-panel widget widget_sow-button panel-first-child panel-last-child\" data-index=\"4\" ><div\n\t\t\t\n\t\t\tclass=\"so-widget-sow-button so-widget-sow-button-atom-857739567c6a-4\"\n\t\t\t\n\t\t><div class=\"ow-button-base ow-button-align-center\"\n>\n\t\t\t<a\n\t\t\t\t\thref=\"http:\/\/transito.baffasoft.com.br\"\n\t\t\t\t\tclass=\"sowb-button ow-icon-placement-left ow-button-hover\" \t>\n\t\t<span>\n\t\t\t<span class=\"sow-icon-ionicons\" data-sow-icon=\"&#xf36f;\"\n\t\tstyle=\"\" \n\t\taria-hidden=\"true\"><\/span>\n\t\t\tTr\u00e2nsito RJ\t\t<\/span>\n\t\t\t<\/a>\n\t<\/div>\n<\/div><\/div><\/div><div id=\"pgc-gb4-69ea0c86ce1d6-2-1\"  class=\"panel-grid-cell\" ><div id=\"panel-gb4-69ea0c86ce1d6-2-1-0\" class=\"so-panel widget widget_sow-button panel-first-child panel-last-child\" data-index=\"5\" ><div\n\t\t\t\n\t\t\tclass=\"so-widget-sow-button so-widget-sow-button-atom-857739567c6a-4\"\n\t\t\t\n\t\t><div class=\"ow-button-base ow-button-align-center\"\n>\n\t\t\t<a\n\t\t\t\t\thref=\"http:\/\/bbs.baffasoft.com.br\"\n\t\t\t\t\tclass=\"sowb-button ow-icon-placement-left ow-button-hover\" \t>\n\t\t<span>\n\t\t\t<span class=\"sow-icon-ionicons\" data-sow-icon=\"&#xf390;\"\n\t\tstyle=\"\" \n\t\taria-hidden=\"true\"><\/span>\n\t\t\tBaffa BBS\t\t<\/span>\n\t\t\t<\/a>\n\t<\/div>\n<\/div><\/div><\/div><\/div><div id=\"pg-gb4-69ea0c86ce1d6-3\"  class=\"panel-grid panel-no-style\" ><div id=\"pgc-gb4-69ea0c86ce1d6-3-0\"  class=\"panel-grid-cell\" ><div id=\"panel-gb4-69ea0c86ce1d6-3-0-0\" class=\"so-panel widget widget_sow-button panel-first-child panel-last-child\" data-index=\"6\" ><div\n\t\t\t\n\t\t\tclass=\"so-widget-sow-button so-widget-sow-button-atom-857739567c6a-4\"\n\t\t\t\n\t\t><div class=\"ow-button-base ow-button-align-center\"\n>\n\t\t\t<a\n\t\t\t\t\thref=\"http:\/\/computers.baffasoft.com.br\"\n\t\t\t\t\tclass=\"sowb-button ow-icon-placement-left ow-button-hover\" \t>\n\t\t<span>\n\t\t\t<span class=\"sow-icon-ionicons\" data-sow-icon=\"&#xf380;\"\n\t\tstyle=\"\" \n\t\taria-hidden=\"true\"><\/span>\n\t\t\tHomebrew Computers\t\t<\/span>\n\t\t\t<\/a>\n\t<\/div>\n<\/div><\/div><\/div><\/div><\/div>\n\n\n<hr class=\"wp-block-separator has-css-opacity\"\/>\n\n\n\n<p style=\"text-align: center;\">Mais informa\u00e7\u00f5es em sobre em <a href=\"http:\/\/www.augustobaffa.pro.br\">Augusto Baffa.pro.br<\/a><\/p>\n","protected":false},"excerpt":{"rendered":"<p>Aqui s\u00e3o listados alguns experimentos e solu\u00e7\u00f5es resultantes de pesquisas cient\u00edficas conduzidas por Augusto Baffa. Seguem algumas op\u00e7\u00f5es: Mais informa\u00e7\u00f5es em sobre em Augusto Baffa.pro.br<\/p>\n","protected":false},"author":1,"featured_media":0,"parent":0,"menu_order":0,"comment_status":"closed","ping_status":"closed","template":"","meta":{"footnotes":""},"class_list":["post-4","page","type-page","status-publish","hentry"],"jetpack_sharing_enabled":true,"_links":{"self":[{"href":"http:\/\/www.baffasoft.com.br\/site\/wp-json\/wp\/v2\/pages\/4","targetHints":{"allow":["GET"]}}],"collection":[{"href":"http:\/\/www.baffasoft.com.br\/site\/wp-json\/wp\/v2\/pages"}],"about":[{"href":"http:\/\/www.baffasoft.com.br\/site\/wp-json\/wp\/v2\/types\/page"}],"author":[{"embeddable":true,"href":"http:\/\/www.baffasoft.com.br\/site\/wp-json\/wp\/v2\/users\/1"}],"replies":[{"embeddable":true,"href":"http:\/\/www.baffasoft.com.br\/site\/wp-json\/wp\/v2\/comments?post=4"}],"version-history":[{"count":10,"href":"http:\/\/www.baffasoft.com.br\/site\/wp-json\/wp\/v2\/pages\/4\/revisions"}],"predecessor-version":[{"id":124,"href":"http:\/\/www.baffasoft.com.br\/site\/wp-json\/wp\/v2\/pages\/4\/revisions\/124"}],"wp:attachment":[{"href":"http:\/\/www.baffasoft.com.br\/site\/wp-json\/wp\/v2\/media?parent=4"}],"curies":[{"name":"wp","href":"https:\/\/api.w.org\/{rel}","templated":true}]}}